{"id":1008,"date":"2014-09-04T16:25:42","date_gmt":"2014-09-04T14:25:42","guid":{"rendered":"http:\/\/wordpress.p236008.webspaceconfig.de\/?page_id=1008"},"modified":"2023-03-27T13:31:46","modified_gmt":"2023-03-27T11:31:46","slug":"kontakt-anreise","status":"publish","type":"page","link":"https:\/\/dev.liquidambient.com\/adlerbad-old\/kontakt-anreise\/","title":{"rendered":"Kontakt &#038; Anreise"},"content":{"rendered":"<div class=\"wpb-content-wrapper\"><p>[vc_row][vc_column][vc_column_text]<style type=\"text\/css\" id=\"umsMapStyles_2_10091\">\r\n    #ultimate_maps_2_10091 {\r\n        width: 100%;\r\n        height: 300px;\r\n                border: 0px solid ;\r\n        margin: 0px;\r\n    }\r\n    #mapsControlsNum_2_10091 {\r\n        width:100%    }\r\n    .umsMapDetailsContainer#umsMapDetailsContainer_2_10091 {\r\n        height:300px;\r\n    }\r\n    .ums_MapPreview#ultimate_maps_2_10091 {\r\n        \/*position:absolute;*\/\r\n        width:100%;\r\n    }\r\n    #mapConElem_2_10091{\r\n        width:100%    }\r\n    <\/style><div class=\"ums_map_opts\" id=\"mapConElem_2_10091\" data-id=\"2\" data-view-id=\"2_10091\" > <div class=\"umsMapDetailsContainer\" id=\"umsMapDetailsContainer_2_10091\"> <i class=\"umsKMLLayersPreloader fa fa-spinner fa-spin\" aria-hidden=\"true\" style=\"display: none;\"><\/i> <div class=\"ums_MapPreview \" id=\"ultimate_maps_2_10091\"><\/div> <\/div> <div class=\"umsMapMarkerFilters\" id=\"umsMapMarkerFilters_2_10091\"> <\/div> <div class=\"umsMapProControlsCon\" id=\"umsMapProControlsCon_2_10091\"> <a title=\"Google Maps Wordpress\" style=\"display:none;\" href=\"https:\/\/supsystic.com\/plugins\/google-maps-plugin\/?utm_medium=love_link_hide\" target=\"_blank\">Google Maps Wordpress<\/a><div style=\"clear: both;\"><\/div> <\/div> <div class=\"umsMapProDirectionsCon\" id=\"umsMapProDirectionsCon_2_10091\" > <\/div> <div class=\"umsMapProKmlFilterCon\" id=\"umsMapProKmlFilterCon_2_10091\" > <\/div> <div class=\"umsSocialSharingShell umsSocialSharingShell_2_10091\"> <\/div> <div style=\"clear: both;\"><\/div> <\/div>[\/vc_column_text][\/vc_column][\/vc_row][vc_row][vc_column width=&#8221;2\/3&#8243;][vc_raw_html]JTNDdGFibGUlMjBzdHlsZSUzRCUyMmhlaWdodCUzQSUyMDI3cHglM0IlMjIlMjB3aWR0aCUzRCUyMjI1NCUyMiUzRSUwQSUzQ3Rib2R5JTNFJTBBJTNDdHIlM0UlMEElM0N0ZCUyMHN0eWxlJTNEJTIyaGVpZ2h0JTNBJTIwMHB4JTNCJTIwcGFkZGluZy1yaWdodCUzQSUyMDBweCUzQiUyMHdpZHRoJTNBJTIwMHB4JTNCJTIyJTNFJTNDaW1nJTIwY2xhc3MlM0QlMjJhbGlnbm5vbmUlMjBzaXplLWZ1bGwlMjB3cC1pbWFnZS0xMDE0JTIyJTIwc3JjJTNEJTIyaHR0cHMlM0ElMkYlMkZ3d3cuYWRsZXJiYWQuZGUlMkZ3cC1jb250ZW50JTJGdXBsb2FkcyUyRjIwMTQlMkYwOSUyRnp1ZzMyeDMyX3JvdF9saW5rcy5wbmclMjIlMjBhbHQlM0QlMjJ6dWczMngzMl9yb3QlMjIlMjB3aWR0aCUzRCUyMjMyJTIyJTIwaGVpZ2h0JTNEJTIyMzIlMjIlMjBzdHlsZSUzRCUyMnBhZGRpbmctdG9wJTNBJTIwNHB4JTNCJTIwbWF4LXdpZHRoJTNBJTIwaW5oZXJpdCUzQiUyMiUyRiUzRSUzQyUyRnRkJTNFJTBBJTNDdGQlMjBzdHlsZSUzRCUyMnBhZGRpbmctdG9wJTNBJTIwMTVweCUzQiUyMiUzRSUzQ2ElMjBocmVmJTNEJTIyaHR0cCUzQSUyRiUyRnJlaXNlYXVza3VuZnQuYmFobi5kZSUyRmJpbiUyRnF1ZXJ5LmV4ZSUyRmQlMjIlMjB0YXJnZXQlM0QlMjJfYmxhbmslMjIlM0VEZXV0c2NoZSUyMEJhaG4lMjBSZWlzZWF1c2t1bmZ0JTNDJTJGYSUzRSUzQyUyRnRkJTNFJTBBJTNDJTJGdHIlM0UlMEElM0MlMkZ0Ym9keSUzRSUwQSUzQyUyRnRhYmxlJTNF[\/vc_raw_html][vc_column_text]Wenn Sie noch Fragen haben oder einen Termin vereinbaren m\u00f6chten<\/p>\n<p>senden Sie uns bitte eine E-Mail mit Ihrem Namen sowie Ihren Anliegen an<\/p>\n<p><strong><a href=\"mailto:hotel@adlerbad.de\">hotel@adlerbad.de<\/a>\u00a0<\/strong><\/p>\n<p>(einfach auf die E-Mail klicken, Ihr Mailprogramm \u00f6ffnet automatisch)<\/p>\n<p>Wir werden Sie dann schnellstm\u00f6glich zur\u00fcckrufen.[\/vc_column_text][\/vc_column][vc_column width=&#8221;1\/3&#8243;][vc_widget_sidebar sidebar_id=&#8221;main-sidebar&#8221;][\/vc_column][\/vc_row]<\/p>\n<\/div>","protected":false},"excerpt":{"rendered":"<p>[vc_row][vc_column][vc_column_text][\/vc_column_text][\/vc_column][\/vc_row][vc_row][vc_column width=&#8221;2\/3&#8243;][vc_raw_html]JTNDdGFibGUlMjBzdHlsZSUzRCUyMmhlaWdodCUzQSUyMDI3cHglM0IlMjIlMjB3aWR0aCUzRCUyMjI1NCUyMiUzRSUwQSUzQ3Rib2R5JTNFJTBBJTNDdHIlM0UlMEElM0N0ZCUyMHN0eWxlJTNEJTIyaGVpZ2h0JTNBJTIwMHB4JTNCJTIwcGFkZGluZy1yaWdodCUzQSUyMDBweCUzQiUyMHdpZHRoJTNBJTIwMHB4JTNCJTIyJTNFJTNDaW1nJTIwY2xhc3MlM0QlMjJhbGlnbm5vbmUlMjBzaXplLWZ1bGwlMjB3cC1pbWFnZS0xMDE0JTIyJTIwc3JjJTNEJTIyaHR0cHMlM0ElMkYlMkZ3d3cuYWRsZXJiYWQuZGUlMkZ3cC1jb250ZW50JTJGdXBsb2FkcyUyRjIwMTQlMkYwOSUyRnp1ZzMyeDMyX3JvdF9saW5rcy5wbmclMjIlMjBhbHQlM0QlMjJ6dWczMngzMl9yb3QlMjIlMjB3aWR0aCUzRCUyMjMyJTIyJTIwaGVpZ2h0JTNEJTIyMzIlMjIlMjBzdHlsZSUzRCUyMnBhZGRpbmctdG9wJTNBJTIwNHB4JTNCJTIwbWF4LXdpZHRoJTNBJTIwaW5oZXJpdCUzQiUyMiUyRiUzRSUzQyUyRnRkJTNFJTBBJTNDdGQlMjBzdHlsZSUzRCUyMnBhZGRpbmctdG9wJTNBJTIwMTVweCUzQiUyMiUzRSUzQ2ElMjBocmVmJTNEJTIyaHR0cCUzQSUyRiUyRnJlaXNlYXVza3VuZnQuYmFobi5kZSUyRmJpbiUyRnF1ZXJ5LmV4ZSUyRmQlMjIlMjB0YXJnZXQlM0QlMjJfYmxhbmslMjIlM0VEZXV0c2NoZSUyMEJhaG4lMjBSZWlzZWF1c2t1bmZ0JTNDJTJGYSUzRSUzQyUyRnRkJTNFJTBBJTNDJTJGdHIlM0UlMEElM0MlMkZ0Ym9keSUzRSUwQSUzQyUyRnRhYmxlJTNF[\/vc_raw_html][vc_column_text]Wenn Sie noch Fragen haben oder einen Termin vereinbaren m\u00f6chten senden Sie uns bitte eine E-Mail mit Ihrem Namen sowie Ihren Anliegen an hotel@adlerbad.de\u00a0 (einfach auf die E-Mail klicken, Ihr Mailprogramm \u00f6ffnet automatisch) Wir werden Sie dann schnellstm\u00f6glich zur\u00fcckrufen.[\/vc_column_text][\/vc_column][vc_column width=&#8221;1\/3&#8243;][vc_widget_sidebar sidebar_id=&#8221;main-sidebar&#8221;][\/vc_column][\/vc_row]<\/p>\n","protected":false},"author":2,"featured_media":0,"parent":0,"menu_order":0,"comment_status":"closed","ping_status":"closed","template":"","meta":{"footnotes":""},"class_list":["post-1008","page","type-page","status-publish","hentry"],"_links":{"self":[{"href":"https:\/\/dev.liquidambient.com\/adlerbad-old\/wp-json\/wp\/v2\/pages\/1008","targetHints":{"allow":["GET"]}}],"collection":[{"href":"https:\/\/dev.liquidambient.com\/adlerbad-old\/wp-json\/wp\/v2\/pages"}],"about":[{"href":"https:\/\/dev.liquidambient.com\/adlerbad-old\/wp-json\/wp\/v2\/types\/page"}],"author":[{"embeddable":true,"href":"https:\/\/dev.liquidambient.com\/adlerbad-old\/wp-json\/wp\/v2\/users\/2"}],"replies":[{"embeddable":true,"href":"https:\/\/dev.liquidambient.com\/adlerbad-old\/wp-json\/wp\/v2\/comments?post=1008"}],"version-history":[{"count":5,"href":"https:\/\/dev.liquidambient.com\/adlerbad-old\/wp-json\/wp\/v2\/pages\/1008\/revisions"}],"predecessor-version":[{"id":5218,"href":"https:\/\/dev.liquidambient.com\/adlerbad-old\/wp-json\/wp\/v2\/pages\/1008\/revisions\/5218"}],"wp:attachment":[{"href":"https:\/\/dev.liquidambient.com\/adlerbad-old\/wp-json\/wp\/v2\/media?parent=1008"}],"curies":[{"name":"wp","href":"https:\/\/api.w.org\/{rel}","templated":true}]}}