{"id":1774,"date":"2014-09-15T12:44:11","date_gmt":"2014-09-15T10:44:11","guid":{"rendered":"http:\/\/wordpress.p236008.webspaceconfig.de\/?page_id=1774"},"modified":"2025-04-28T20:32:21","modified_gmt":"2025-04-28T18:32:21","slug":"einzelzimmer","status":"publish","type":"page","link":"https:\/\/dev.liquidambient.com\/adlerbad-old\/zimmer\/einzelzimmer\/","title":{"rendered":"Einzelzimmer"},"content":{"rendered":"<div class=\"wpb-content-wrapper\"><p>[vc_row][vc_column][vc_column_text]<\/p>\n<h1>Einzelzimmer<\/h1>\n<p>[\/vc_column_text][\/vc_column][\/vc_row][vc_row][vc_column][vc_single_image image=&#8221;5884&#8243; img_size=&#8221;full&#8221; onclick=&#8221;custom_link&#8221; img_link_target=&#8221;_blank&#8221; css=&#8221;&#8221; link=&#8221;https:\/\/my.matterport.com\/show\/?m=w8M4eBbtm3X&#8221;][vc_images_carousel images=&#8221;3357,3358,3359&#8243; img_size=&#8221;full&#8221; slides_per_view=&#8221;4&#8243; hide_pagination_control=&#8221;yes&#8221; hide_prev_next_buttons=&#8221;yes&#8221; css=&#8221;&#8221;][\/vc_column][\/vc_row][vc_row][vc_column width=&#8221;1\/2&#8243;][vc_column_text css=&#8221;&#8221;]<\/p>\n<h4>Preise ab 82,00 \u20ac<\/h4>\n<p>Preise pro Person<br \/>\n\u00dcbernachtung mit Fr\u00fchst\u00fccksb\u00fcfett<\/p>\n<p>Bettgr\u00f6\u00dfe: 90&#215;200 cm<\/p>\n<p>Zimmergr\u00f6\u00dfe: 18-20 qm<br \/>\nIm Haus Kirchberg[\/vc_column_text][vc_column_text]<\/p>\n<p><a class=\"button button\" href=\"https:\/\/dev.liquidambient.com\/adlerbad-old\/arrangements\/\"><span>Pauschalen<\/span><\/a> <a class=\"button button\" href=\"https:\/\/dev.liquidambient.com\/adlerbad-old\/online-buchen\/#height_297\"><span>Buchen<\/span><\/a><\/p>\n<p>[\/vc_column_text][\/vc_column][vc_column width=&#8221;1\/2&#8243;][vc_column_text]<\/p>\n<table width=\"50\">\n<tbody>\n<tr>\n<td><img loading=\"lazy\" decoding=\"async\" class=\"alignleft wp-image-1530\" title=\"Einzelbett\" src=\"https:\/\/dev.liquidambient.com\/adlerbad-old\/wp-content\/uploads\/2014\/09\/einzelbett.png\" alt=\"Einzelbett\" width=\"24\" height=\"24\" \/><\/td>\n<td>Einzelbett<\/td>\n<\/tr>\n<tr>\n<td><img loading=\"lazy\" decoding=\"async\" class=\"alignleft wp-image-1529\" title=\"Dusche\" src=\"https:\/\/dev.liquidambient.com\/adlerbad-old\/wp-content\/uploads\/2014\/09\/dusche.png\" alt=\"Dusche\" width=\"24\" height=\"24\" \/><\/td>\n<td>Dusche<\/td>\n<\/tr>\n<tr>\n<td><img loading=\"lazy\" decoding=\"async\" class=\"alignleft wp-image-1537\" title=\"WC\" src=\"https:\/\/dev.liquidambient.com\/adlerbad-old\/wp-content\/uploads\/2014\/09\/wc.png\" alt=\"WC\" width=\"24\" height=\"24\" \/><\/td>\n<td>WC<\/td>\n<\/tr>\n<tr>\n<td><img loading=\"lazy\" decoding=\"async\" class=\"alignleft wp-image-1535\" title=\"Telefon\" src=\"https:\/\/dev.liquidambient.com\/adlerbad-old\/wp-content\/uploads\/2014\/09\/telefon.png\" alt=\"Telefon\" width=\"24\" height=\"24\" \/><\/td>\n<td>Telefon<\/td>\n<\/tr>\n<tr>\n<td><img loading=\"lazy\" decoding=\"async\" class=\"alignleft wp-image-1532\" title=\"F\u00f6n\" src=\"https:\/\/dev.liquidambient.com\/adlerbad-old\/wp-content\/uploads\/2014\/09\/foen.png\" alt=\"F\u00f6n\" width=\"24\" height=\"24\" \/><\/td>\n<td>F\u00f6n<\/td>\n<\/tr>\n<tr>\n<td><img loading=\"lazy\" decoding=\"async\" class=\"alignleft wp-image-1534\" title=\"Zimmersafe\" src=\"https:\/\/dev.liquidambient.com\/adlerbad-old\/wp-content\/uploads\/2014\/09\/safe.png\" alt=\"Zimmersafe\" width=\"24\" height=\"24\" \/><\/td>\n<td>Zimmersafe<\/td>\n<\/tr>\n<tr>\n<td><img loading=\"lazy\" decoding=\"async\" class=\"alignleft wp-image-1536\" title=\"TV \/ Flat TV\" src=\"https:\/\/dev.liquidambient.com\/adlerbad-old\/wp-content\/uploads\/2014\/09\/tv.png\" alt=\"TV \/ Flat TV\" width=\"24\" height=\"24\" \/><\/td>\n<td>TV \/ Flat TV<\/td>\n<\/tr>\n<tr>\n<td><img loading=\"lazy\" decoding=\"async\" class=\"alignleft wp-image-1633\" title=\"Schreibtisch\" src=\"https:\/\/dev.liquidambient.com\/adlerbad-old\/wp-content\/uploads\/2014\/09\/schreibtisch.png\" alt=\"Schreibtisch\" width=\"24\" height=\"24\" \/><\/td>\n<td>Schreibtisch<\/td>\n<\/tr>\n<tr>\n<td><\/td>\n<td>Laminat<\/td>\n<\/tr>\n<\/tbody>\n<\/table>\n<p>[\/vc_column_text][\/vc_column][\/vc_row][vc_row][vc_column][vc_separator][\/vc_column][\/vc_row][vc_row][vc_column][vc_column_text]<\/p>\n<h1>Komfort Plus<\/h1>\n<p>[\/vc_column_text][\/vc_column][\/vc_row][vc_row][vc_column][vc_raw_html]JTNDaWZyYW1lJTIwc3JjJTNEJTIyaHR0cHMlM0ElMkYlMkZ3d3cuZ29vZ2xlLmNvbSUyRm1hcHMlMkZlbWJlZCUzRnBiJTNEJTIxMW0wJTIxM20yJTIxMXNkZSUyMTJzdXMlMjE0djE0ODM5NTU5MTg3NzAlMjE2bTglMjExbTclMjExc2c4UnQ2dlJNT3kwQUFBUXZ4VTdnbVElMjEybTIlMjExZDQ4LjQ1Mjg3NTk2NzEwMzMxJTIxMmQ4LjIzOTcyMzA2ODg2NjE3JTIxM2YzMjUlMjE0Zi0xLjAxMzYxNjcyNTU4NTM2NSUyMTVmMC43ODIwODY1OTc0NjI3NDY5JTIyJTIwd2lkdGglM0QlMjIxMDAlMjUlMjIlMjBoZWlnaHQlM0QlMjI0NTAlMjIlMjBmcmFtZWJvcmRlciUzRCUyMjAlMjIlMjBzdHlsZSUzRCUyMmJvcmRlciUzQTAlMjIlMjBhbGxvd2Z1bGxzY3JlZW4lM0UlM0MlMkZpZnJhbWUlM0U=[\/vc_raw_html][vc_images_carousel images=&#8221;3534,3344,3533,3343&#8243; img_size=&#8221;full&#8221; slides_per_view=&#8221;4&#8243; hide_pagination_control=&#8221;yes&#8221; hide_prev_next_buttons=&#8221;yes&#8221; css=&#8221;&#8221;][\/vc_column][\/vc_row][vc_row][vc_column width=&#8221;1\/2&#8243;][vc_column_text css=&#8221;&#8221;]<\/p>\n<h4>Preise ab 115,00 \u20ac<\/h4>\n<p>Preise pro Person<br \/>\n\u00dcbernachtung mit Fr\u00fchst\u00fccksb\u00fcfett<\/p>\n<p>Bettgr\u00f6\u00dfe: 160&#215;200 cm<\/p>\n<p>Zimmergr\u00f6\u00dfe: 20 &#8211; 25 qm<br \/>\nIm Haupthaus<\/p>\n<p>[\/vc_column_text][vc_column_text]<a class=\"button button\" href=\"https:\/\/dev.liquidambient.com\/adlerbad-old\/arrangements\/\"><span>Pauschalen<\/span><\/a> <a class=\"button button\" href=\"https:\/\/dev.liquidambient.com\/adlerbad-old\/kontakt-anreise\"><span>Anfrage<\/span><\/a>[\/vc_column_text][vc_column_text]Nur auf Anfrage buchbar.[\/vc_column_text][\/vc_column][vc_column width=&#8221;1\/2&#8243;][vc_column_text]<\/p>\n<table width=\"95\">\n<tbody>\n<tr>\n<td><img loading=\"lazy\" decoding=\"async\" class=\"alignleft wp-image-1530\" title=\"Einzelbett\" src=\"https:\/\/dev.liquidambient.com\/adlerbad-old\/wp-content\/uploads\/2014\/09\/einzelbett.png\" alt=\"Einzelbett\" width=\"24\" height=\"24\" \/><\/td>\n<td>Einzelbett<\/td>\n<\/tr>\n<tr>\n<td><img loading=\"lazy\" decoding=\"async\" class=\"alignleft wp-image-1529\" title=\"Dusche\" src=\"https:\/\/dev.liquidambient.com\/adlerbad-old\/wp-content\/uploads\/2014\/09\/dusche.png\" alt=\"Dusche\" width=\"24\" height=\"24\" \/><\/td>\n<td>Dusche<\/td>\n<\/tr>\n<tr>\n<td><img loading=\"lazy\" decoding=\"async\" class=\"alignleft wp-image-1537\" title=\"WC\" src=\"https:\/\/dev.liquidambient.com\/adlerbad-old\/wp-content\/uploads\/2014\/09\/wc.png\" alt=\"WC\" width=\"24\" height=\"24\" \/><\/td>\n<td>WC<\/td>\n<\/tr>\n<tr>\n<td><img loading=\"lazy\" decoding=\"async\" class=\"alignleft wp-image-1535\" title=\"Telefon\" src=\"https:\/\/dev.liquidambient.com\/adlerbad-old\/wp-content\/uploads\/2014\/09\/telefon.png\" alt=\"Telefon\" width=\"24\" height=\"24\" \/><\/td>\n<td>Telefon<\/td>\n<\/tr>\n<tr>\n<td><img loading=\"lazy\" decoding=\"async\" class=\"alignleft wp-image-1532\" title=\"F\u00f6n\" src=\"https:\/\/dev.liquidambient.com\/adlerbad-old\/wp-content\/uploads\/2014\/09\/foen.png\" alt=\"F\u00f6n\" width=\"24\" height=\"24\" \/><\/td>\n<td>F\u00f6n<\/td>\n<\/tr>\n<tr>\n<td><img loading=\"lazy\" decoding=\"async\" class=\"alignleft wp-image-1534\" title=\"Zimmersafe\" src=\"https:\/\/dev.liquidambient.com\/adlerbad-old\/wp-content\/uploads\/2014\/09\/safe.png\" alt=\"Zimmersafe\" width=\"24\" height=\"24\" \/><\/td>\n<td>Zimmersafe<\/td>\n<\/tr>\n<tr>\n<td><img loading=\"lazy\" decoding=\"async\" class=\"alignleft wp-image-1536\" title=\"TV \/ Flat TV\" src=\"https:\/\/dev.liquidambient.com\/adlerbad-old\/wp-content\/uploads\/2014\/09\/tv.png\" alt=\"TV \/ Flat TV\" width=\"24\" height=\"24\" \/><\/td>\n<td>TV \/ Flat TV<\/td>\n<\/tr>\n<tr>\n<td><img loading=\"lazy\" decoding=\"async\" class=\"alignleft wp-image-1633\" title=\"Schreibtisch\" src=\"https:\/\/dev.liquidambient.com\/adlerbad-old\/wp-content\/uploads\/2014\/09\/schreibtisch.png\" alt=\"Schreibtisch\" width=\"24\" height=\"24\" \/><\/td>\n<td>Schreibtisch<\/td>\n<\/tr>\n<tr>\n<td>\u00a0<img loading=\"lazy\" decoding=\"async\" class=\"alignleft wp-image-1634\" title=\"Wohnecke\" src=\"https:\/\/dev.liquidambient.com\/adlerbad-old\/wp-content\/uploads\/2014\/09\/wohnecke.png\" alt=\"Wohnecke\" width=\"24\" height=\"24\" \/><\/td>\n<td>Wohnecke<\/td>\n<\/tr>\n<tr>\n<td><\/td>\n<td>\u00a0Laminat<\/td>\n<\/tr>\n<tr>\n<td><\/td>\n<td><\/td>\n<\/tr>\n<\/tbody>\n<\/table>\n<p>[\/vc_column_text][\/vc_column][\/vc_row][vc_row][vc_column][vc_separator type=&#8221;space&#8221; height=&#8221;50&#8243;][\/vc_column][\/vc_row][vc_row][vc_column][vc_tabs][vc_tab title=&#8221;ALLGEMEIN&#8221; tab_id=&#8221;1410776265-1-96&#8243; icon=&#8221;info&#8221;][vc_column_text]Die Rezeption ist von 8.00 &#8211; 22.00 Uhr erreichbar<\/p>\n<p>Check-In von 15.00 &#8211; 18.00 Uhr\u00a0 und\u00a0 Check-Out von 8.00 &#8211; 10.30 Uhr.<br \/>\nAnreise nach 22.00 Uhr ist m\u00f6glich nach Absprache &#8211; Late Check-In wird<br \/>\nmit 15,00 Euro pro angefangene Stunde berechnet.<\/p>\n<p>Vom und zum Bahnhof Bad Peterstal-Griesbach, Endstation Bad Griesbach,<br \/>\nsteht Ihnen unser kostenfreier Shuttle-Bus-Service zur Verf\u00fcgung.<\/p>\n<p>Fr\u00fchst\u00fccksb\u00fcffet ist aufgebaut von 8.00 &#8211; 10.00 Uhr<br \/>\nMittagessen von 12.00 &#8211; 13.30 Uhr ( Sonntags )<br \/>\nAbendessen von 18.00 &#8211; 19.30 Uhr ( letzte Bestellannahme )<\/p>\n<p>Das 5 Gang Abendmen\u00fc ( Halbpension ) servieren wir<br \/>\nin der Zeit von 18.00 &#8211; 19.30 Uhr.<\/p>\n<p>Saunazeit t\u00e4glich von 15,00 Uhr bis 18,00 Uhr.<\/p>\n<p><strong>Folgende 4 Zahlungsm\u00f6glichkeiten stehen Ihnen zur Verf\u00fcgung:<\/strong><\/p>\n<p>BAR \/ EC-Karte oder Maestro \/ V-Pay ohne Systhemgeb\u00fchren<\/p>\n<p>Kreditkarten ( Visa &amp; Mastercard ) plus 2% Systhemgeb\u00fchren<\/p>\n<p>Vorauskasse unter der Angabe der Reservierungs-Nr. auf folgendes Konto:<br \/>\nSparkasse Offenburg &#8211; Hotel Adlerbad &#8211; Familie H\u00e4fner<br \/>\nIBAN:\u00a0\u00a0\u00a0\u00a0\u00a0\u00a0\u00a0\u00a0 DE19 6645 0050 0018 0120 39<br \/>\nSwift-Bic:\u00a0\u00a0 SOLADES 1 OFG[\/vc_column_text][\/vc_tab][vc_tab title=&#8221;STORNO&#8221; tab_id=&#8221;1410776265-2-68&#8243; icon=&#8221;exclamation&#8221;][vc_column_text]F\u00fcr Absagen bis zu 28 Tage vor Anreise berechnen wir keine Stornogeb\u00fchren.<\/p>\n<p>Bei Stornierungen einer Reservierung zu einem sp\u00e4teren Zeitpunkt werden wir selbstverst\u00e4ndlich versuchen, das Zimmer weiter zu vermieten. Sollte uns dies nicht gelingen, stellen wir folgende Geb\u00fchren in Rechnung:<br \/>\nab 21 Tage vor Anreise berechnen wir 60% vom Reisepreis.<br \/>\nab 14 Tage vor Anreise berechnen wir 75 % vom Reisepreis.<br \/>\nab 3 Tagen vor Anreise, bei Nichtanreise oder vorzeitiger Abreise berechnen wir 100 % vom Reisepreis.<br \/>\nDie gebuchten An- und Abreisetage sind f\u00fcr Gast und Vermieter verpflichtend.<\/p>\n<p><strong>Wir empfehlen den Abschlu\u00df einer Reiser\u00fccktrittsversicherung<br \/>\n<\/strong><strong>inklusive Corona als Reiser\u00fccktrittsgrund.<\/strong><\/p>\n<p>Zum Abschluss einer <a href=\"https:\/\/www.reiseversicherung.de\/vrv\/partner\/ep-Assistent.html?\/ctrl\/state=dp-start&amp;\/data\/agent\/hagtnr=074812&amp;\/data\/agent\/nagtnr=000117\" target=\"_blank\" rel=\"noopener\"><em>Reiser\u00fccktrittsversicherung<\/em><\/a>[\/vc_column_text][\/vc_tab][vc_tab title=&#8221;STORNO ONLINE&#8221; tab_id=&#8221;1534180622908-3-5&#8243; icon=&#8221;exclamation&#8221;][vc_column_text]F\u00fcr Online-Buchungen \u00fcber unsere Webseite gelten folgende Bedingungen:<\/p>\n<p>F\u00fcr Absagen bis zu 15 Tage vor Anreise berechnen wir keine Stornogeb\u00fchren.<\/p>\n<p>Bei Stornierungen einer Reservierung zu einem sp\u00e4teren Zeitpunkt werden wir selbstverst\u00e4ndlich versuchen, das Zimmer weiter zu vermieten. Sollte uns dies nicht gelingen, stellen wir folgende Geb\u00fchren in Rechnung:<br \/>\nab 14 Tage vor Anreise berechnen wir 75 % vom Reisepreis.<br \/>\nab 3 Tagen vor Anreise, bei Nichtanreise oder vorzeitiger Abreise berechnen wir 100 % vom Reisepreis.<br \/>\nDie gebuchten An- und Abreisetage sind f\u00fcr Gast und Vermieter verpflichtend.<\/p>\n<p><strong>Wir empfehlen den Abschlu\u00df einer Reiser\u00fccktrittsversicherung<br \/>\n<\/strong><strong>inklusive Corona als Reiser\u00fccktrittsgrund.<\/strong><\/p>\n<p>Zum Abschluss einer <a href=\"https:\/\/www.reiseversicherung.de\/vrv\/partner\/ep-Assistent.html?\/ctrl\/state=dp-start&amp;\/data\/agent\/hagtnr=074812&amp;\/data\/agent\/nagtnr=000117\" target=\"_blank\" rel=\"noopener\"><em>Reiser\u00fccktrittsversicherung<\/em><\/a>[\/vc_column_text][\/vc_tab][vc_tab title=&#8221;ZUS\u00c4TZLICH&#8221; tab_id=&#8221;1411032718048-2-0&#8243; icon=&#8221;info&#8221;][vc_column_text css=&#8221;&#8221;]Leihbademantel erhalten Sie leihweise an der Rezeption, Saunat\u00fccher<br \/>\nliegen in der Sauna-Landschaft aus.<\/p>\n<p>Im Hotel gibt es eine kostenlose Grander-Wasserstation.<\/p>\n<p>Kostenloser WLan-Zugang.<\/p>\n<p>Parkplatz kostenfrei &#8211; Garagenplatz 15,00 Euro pro \u00dcbernachtung.<\/p>\n<p>Auf Anfrage nehmen wir kleine Hunde auf. Bitte denken Sie daran f\u00fcr Ihren<br \/>\nVierbeiner die passende Unterlage f\u00fcr das Hotelzimmer mitzubringen. Hunde<br \/>\nsind im Hotel-Restaurant nicht erlaubt. F\u00fcr den zus\u00e4tzlichen Reinigungsaufwand<br \/>\nberechnen wir 18,00 Euro pro \u00dcbernachtung und Tier.<\/p>\n<p>3. Bett: 25,00 \/ 45,00 Euro<\/p>\n<p>Unter 4 \u00dcbernachtungen erh\u00f6ht sich der Preis um 4,00 Euro pro \u00dcbernachtung.<\/p>\n<p>Halbpension &#8211; 5 Gang Abendmen\u00fc 33,50 Euro pro \u00dcbernachtung.<\/p>\n<p>Kurtaxe: 2,20 Euro pro Erwachsener \/ \u00dcbernachtung.<\/p>\n<p>Mit der KONUS-G\u00e4stekarte k\u00f6nnen Sie die \u00f6ffentlichen Verkehrsmittel<br \/>\nim Schwarzwald kostenlos nutzen.<\/p>\n<p>&nbsp;<\/p>\n<p>[\/vc_column_text][\/vc_tab][\/vc_tabs][\/vc_column][\/vc_row]<\/p>\n<\/div>","protected":false},"excerpt":{"rendered":"<p>[vc_row][vc_column][vc_column_text] Einzelzimmer [\/vc_column_text][\/vc_column][\/vc_row][vc_row][vc_column][vc_single_image image=&#8221;5884&#8243; img_size=&#8221;full&#8221; onclick=&#8221;custom_link&#8221; img_link_target=&#8221;_blank&#8221; css=&#8221;&#8221; link=&#8221;https:\/\/my.matterport.com\/show\/?m=w8M4eBbtm3X&#8221;][vc_images_carousel images=&#8221;3357,3358,3359&#8243; img_size=&#8221;full&#8221; slides_per_view=&#8221;4&#8243; hide_pagination_control=&#8221;yes&#8221; hide_prev_next_buttons=&#8221;yes&#8221; css=&#8221;&#8221;][\/vc_column][\/vc_row][vc_row][vc_column width=&#8221;1\/2&#8243;][vc_column_text css=&#8221;&#8221;] Preise ab 82,00 \u20ac Preise pro Person \u00dcbernachtung mit Fr\u00fchst\u00fccksb\u00fcfett Bettgr\u00f6\u00dfe: 90&#215;200 cm Zimmergr\u00f6\u00dfe: 18-20 qm Im Haus Kirchberg[\/vc_column_text][vc_column_text] [\/vc_column_text][\/vc_column][vc_column width=&#8221;1\/2&#8243;][vc_column_text] Einzelbett Dusche WC Telefon F\u00f6n Zimmersafe TV \/ Flat TV Schreibtisch Laminat&#8230;<\/p>\n","protected":false},"author":2,"featured_media":0,"parent":1024,"menu_order":0,"comment_status":"closed","ping_status":"closed","template":"","meta":{"footnotes":""},"class_list":["post-1774","page","type-page","status-publish","hentry"],"_links":{"self":[{"href":"https:\/\/dev.liquidambient.com\/adlerbad-old\/wp-json\/wp\/v2\/pages\/1774","targetHints":{"allow":["GET"]}}],"collection":[{"href":"https:\/\/dev.liquidambient.com\/adlerbad-old\/wp-json\/wp\/v2\/pages"}],"about":[{"href":"https:\/\/dev.liquidambient.com\/adlerbad-old\/wp-json\/wp\/v2\/types\/page"}],"author":[{"embeddable":true,"href":"https:\/\/dev.liquidambient.com\/adlerbad-old\/wp-json\/wp\/v2\/users\/2"}],"replies":[{"embeddable":true,"href":"https:\/\/dev.liquidambient.com\/adlerbad-old\/wp-json\/wp\/v2\/comments?post=1774"}],"version-history":[{"count":5,"href":"https:\/\/dev.liquidambient.com\/adlerbad-old\/wp-json\/wp\/v2\/pages\/1774\/revisions"}],"predecessor-version":[{"id":5955,"href":"https:\/\/dev.liquidambient.com\/adlerbad-old\/wp-json\/wp\/v2\/pages\/1774\/revisions\/5955"}],"up":[{"embeddable":true,"href":"https:\/\/dev.liquidambient.com\/adlerbad-old\/wp-json\/wp\/v2\/pages\/1024"}],"wp:attachment":[{"href":"https:\/\/dev.liquidambient.com\/adlerbad-old\/wp-json\/wp\/v2\/media?parent=1774"}],"curies":[{"name":"wp","href":"https:\/\/api.w.org\/{rel}","templated":true}]}}