{"id":3388,"date":"2016-07-27T14:05:55","date_gmt":"2016-07-27T12:05:55","guid":{"rendered":"https:\/\/dev.liquidambient.com\/adlerbad-old\/?page_id=3388"},"modified":"2024-02-23T17:09:37","modified_gmt":"2024-02-23T15:09:37","slug":"panorama-touren","status":"publish","type":"page","link":"https:\/\/dev.liquidambient.com\/adlerbad-old\/panorama-touren\/","title":{"rendered":"Panorama-Touren"},"content":{"rendered":"<div class=\"wpb-content-wrapper\"><p>[vc_row bg_type=&#8221;image&#8221; bg_override=&#8221;full&#8221; css=&#8221;.vc_custom_1667130850959{margin-top: -18px !important;}&#8221;][vc_column][vc_column_text]\n\t\t<!-- MasterSlider -->\n\t\t<div id=\"P_MS6a012818da1f0\" class=\"master-slider-parent ms-parent-id-2\" style=\"\" >\n\n\t\t\t\n\t\t\t<!-- MasterSlider Main -->\n\t\t\t<div id=\"MS6a012818da1f0\" class=\"master-slider ms-skin-light-5\" >\n\t\t\t\t \t\t\t\t \n\n\t\t\t<div  class=\"ms-slide\" data-delay=\"8\" data-fill-mode=\"fill\"   >\n\t\t\t\t\t<img decoding=\"async\" src=\"https:\/\/dev.liquidambient.com\/adlerbad-old\/wp-content\/plugins\/masterslider\/public\/assets\/css\/blank.gif\" alt=\"\" title=\"\" data-src=\"https:\/\/dev.liquidambient.com\/adlerbad-old\/wp-content\/uploads\/2016\/07\/Adlerbad-Flair-Hotel-Sauerbrunnen-Slider.jpg\" \/>\n\n\n\t\t\t\t<\/div>\n\n\t\t\t<\/div>\n\t\t\t<!-- END MasterSlider Main -->\n\n\t\t\t \n\t\t<\/div>\n\t\t<!-- END MasterSlider -->\n\n\t\t<script>\n\t\t( window.MSReady = window.MSReady || [] ).push( function( $ ) {\n\n\t\t\t\"use strict\";\n\t\t\tvar masterslider_a1f0 = new MasterSlider();\n\n\t\t\t\/\/ slider controls\n\t\t\t\/\/ slider setup\n\t\t\tmasterslider_a1f0.setup(\"MS6a012818da1f0\", {\n\t\t\t\twidth           : 998,\n\t\t\t\theight          : 500,\n\t\t\t\tminHeight       : 0,\n\t\t\t\tspace           : 0,\n\t\t\t\tstart           : 1,\n\t\t\t\tgrabCursor      : true,\n\t\t\t\tswipe           : true,\n\t\t\t\tmouse           : true,\n\t\t\t\tkeyboard        : true,\n\t\t\t\tlayout          : \"fullwidth\",\n\t\t\t\twheel           : false,\n\t\t\t\tautoplay        : true,\n                instantStartLayers:false,\n\t\t\t\tmobileBGVideo:false,\n\t\t\t\tloop            : true,\n\t\t\t\tshuffle         : false,\n\t\t\t\tpreload         : 0,\n\t\t\t\theightLimit     : true,\n\t\t\t\tautoHeight      : false,\n\t\t\t\tsmoothHeight    : true,\n\t\t\t\tendPause        : false,\n\t\t\t\toverPause       : true,\n\t\t\t\tfillMode        : \"fill\",\n\t\t\t\tcenterControls  : false,\n\t\t\t\tstartOnAppear   : false,\n\t\t\t\tlayersMode      : \"center\",\n\t\t\t\tautofillTarget  : \"\",\n\t\t\t\thideLayers      : false,\n\t\t\t\tfullscreenMargin: 0,\n\t\t\t\tspeed           : 5,\n\t\t\t\tdir             : \"h\",\n\t\t\t\tresponsive      : true,\n\t\t\t\ttabletWidth     : 768,\n\t\t\t\ttabletHeight    : null,\n\t\t\t\tphoneWidth      : 480,\n\t\t\t\tphoneHeight    : null,\n\t\t\t\tsizingReference : window,\n\t\t\t\tparallaxMode    : 'swipe',\n\t\t\t\tview            : \"fade\"\n\t\t\t});\n\n\t\t\t\n\t\t\twindow.masterslider_instances = window.masterslider_instances || [];\n\t\t\twindow.masterslider_instances.push( masterslider_a1f0 );\n\t\t});\n\t\t<\/script>\n\n[\/vc_column_text][\/vc_column][\/vc_row][vc_row][vc_column width=&#8221;1\/2&#8243;][vc_raw_html]JTNDaWZyYW1lJTIwc3JjJTNEJTIyaHR0cHMlM0ElMkYlMkZ3d3cuZ29vZ2xlLmNvbSUyRm1hcHMlMkZlbWJlZCUzRnBiJTNEJTIxMW0wJTIxNHYxNTAxMDgyOTE2Mjg5JTIxNm04JTIxMW03JTIxMXNjVFoyZGxzSU51WUFBQVF2eFZHY2VnJTIxMm0yJTIxMWQ0OC40NTI3MjQzMTI3MDY0NiUyMTJkOC4yMzk0ODAxMTkxMTg1MjUlMjEzZjI0NC4zMDk0NDQ3NTIzNzgxNCUyMTRmLTE4LjUwNTg4NTQwNDY1MDM0MyUyMTVmMC43ODIwODY1OTc0NjI3NDY5JTIyJTIwd2lkdGglM0QlMjI1NzAlMjIlMjBoZWlnaHQlM0QlMjIyODUlMjIlMjBmcmFtZWJvcmRlciUzRCUyMjAlMjIlMjBzdHlsZSUzRCUyMmJvcmRlciUzQTAlMjIlMjBhbGxvd2Z1bGxzY3JlZW4lM0UlM0MlMkZpZnJhbWUlM0UlM0NwJTNFVGVycmFzc2UlM0MlMkZwJTNF[\/vc_raw_html][\/vc_column][vc_column width=&#8221;1\/2&#8243;][vc_raw_html]JTNDaWZyYW1lJTIwc3JjJTNEJTIyaHR0cHMlM0ElMkYlMkZ3d3cuZ29vZ2xlLmNvbSUyRm1hcHMlMkZlbWJlZCUzRnBiJTNEJTIxMW0wJTIxM20yJTIxMXNkZSUyMTJzdXMlMjE0djE0ODM5NTM0Mzg2ODclMjE2bTglMjExbTclMjExc00xTEpJMFp5YUpzQUFBUXZ4VWpKRnclMjEybTIlMjExZDQ4LjQ1Mjg5MzAzOTc4MDM1JTIxMmQ4LjIzODg2MzMzMzcxMDU4MyUyMTNmMTA5JTIxNGYwJTIxNWYwLjc4MjA4NjU5NzQ2Mjc0NjklMjIlMjB3aWR0aCUzRCUyMjU3MCUyMiUyMGhlaWdodCUzRCUyMjI4NSUyMiUyMGZyYW1lYm9yZGVyJTNEJTIyMCUyMiUyMHN0eWxlJTNEJTIyYm9yZGVyJTNBMCUyMiUyMGFsbG93ZnVsbHNjcmVlbiUzRSUzQyUyRmlmcmFtZSUzRSUzQ3AlM0VFaW5nYW5nJTIwSGF1cyUyMEtpcmNoYmVyZyUzQyUyRnAlM0U=[\/vc_raw_html][\/vc_column][\/vc_row][vc_row][vc_column width=&#8221;1\/2&#8243;][vc_raw_html]JTNDaWZyYW1lJTIwc3JjJTNEJTIyaHR0cHMlM0ElMkYlMkZ3d3cuZ29vZ2xlLmNvbSUyRm1hcHMlMkZlbWJlZCUzRnBiJTNEJTIxMW0wJTIxNHYxNTAxMDgzODI3MjQ0JTIxNm04JTIxMW03JTIxMXN5WURNMTRiekVld0FBQVF2eFVqSkVRJTIxMm0yJTIxMWQ0OC40NTI3NDY1Mjc3MzcwOCUyMTJkOC4yMzk1NDE2OTQ3OTQ4NjYlMjEzZjIyOC43ODQyOTc5Mzg0MzA5NCUyMTRmLTEyLjc3ODE4ODc5MjcwNzM2OCUyMTVmMC40MDAwMDAwMDAwMDAwMDAyJTIyJTIwd2lkdGglM0QlMjI1NzAlMjIlMjBoZWlnaHQlM0QlMjIyODUlMjIlMjBmcmFtZWJvcmRlciUzRCUyMjAlMjIlMjBzdHlsZSUzRCUyMmJvcmRlciUzQTAlMjIlMjBhbGxvd2Z1bGxzY3JlZW4lM0UlM0MlMkZpZnJhbWUlM0UlM0NwJTNFQWRsZXJzdHViZSUzQyUyRnAlM0U=[\/vc_raw_html][\/vc_column][vc_column width=&#8221;1\/2&#8243;][vc_raw_html]JTNDaWZyYW1lJTIwc3JjJTNEJTIyaHR0cHMlM0ElMkYlMkZ3d3cuZ29vZ2xlLmNvbSUyRm1hcHMlMkZlbWJlZCUzRnBiJTNEJTIxMW0wJTIxM20yJTIxMXNkZSUyMTJzdXMlMjE0djE0ODM5NTM3NDAwMzQlMjE2bTglMjExbTclMjExc1ZFVXFjRFU0aGpNQUFBUXZ4VVpIMlElMjEybTIlMjExZDQ4LjQ1Mjg1MzQzODgwNDU5JTIxMmQ4LjIzOTY5ODE5NjI3NTY0JTIxM2YyODQuODM0MTI3MDYwMDQ4NiUyMTRmLTAuODgyNDEyNTEzNDgwNDAzNSUyMTVmMC43ODIwODY1OTc0NjI3NDY5JTIyJTIwd2lkdGglM0QlMjI1NzAlMjIlMjBoZWlnaHQlM0QlMjIyODUlMjIlMjBmcmFtZWJvcmRlciUzRCUyMjAlMjIlMjBzdHlsZSUzRCUyMmJvcmRlciUzQTAlMjIlMjBhbGxvd2Z1bGxzY3JlZW4lM0UlM0MlMkZpZnJhbWUlM0UlM0NwJTNFTGFuaWR5bGxzdHViZSUzQyUyRnAlM0U=[\/vc_raw_html][\/vc_column][\/vc_row][vc_row][vc_column width=&#8221;1\/2&#8243;][vc_raw_html]JTNDaWZyYW1lJTIwc3JjJTNEJTIyaHR0cHMlM0ElMkYlMkZ3d3cuZ29vZ2xlLmNvbSUyRm1hcHMlMkZlbWJlZCUzRnBiJTNEJTIxMW0wJTIxNHYxNTAxMDgzNjMyNjMxJTIxNm04JTIxMW03JTIxMXNPbkZzdWtUVk1Da0FBQVF2eFVGOWxnJTIxMm0yJTIxMWQ0OC40NTI4MTEzMjczMDUyOSUyMTJkOC4yMzk1ODA1NDQxOTAxNzYlMjEzZjIzMS43MTkwMDc4OTQwOTI2NyUyMTRmLTAuODg5MzM1MDE2OTk2NjExMiUyMTVmMC43ODIwODY1OTc0NjI3NDY5JTIyJTIwd2lkdGglM0QlMjI1NzAlMjIlMjBoZWlnaHQlM0QlMjIyODUlMjIlMjBmcmFtZWJvcmRlciUzRCUyMjAlMjIlMjBzdHlsZSUzRCUyMmJvcmRlciUzQTAlMjIlMjBhbGxvd2Z1bGxzY3JlZW4lM0UlM0MlMkZpZnJhbWUlM0UlM0NwJTNFRG9yZnN0dWJlJTNDJTJGcCUzRQ==[\/vc_raw_html][\/vc_column][vc_column width=&#8221;1\/2&#8243;][vc_raw_html]JTNDaWZyYW1lJTIwc3JjJTNEJTIyaHR0cHMlM0ElMkYlMkZ3d3cuZ29vZ2xlLmNvbSUyRm1hcHMlMkZlbWJlZCUzRnBiJTNEJTIxMW0wJTIxM20yJTIxMXNkZSUyMTJzdXMlMjE0djE0ODM5NTM5NDk3MzYlMjE2bTglMjExbTclMjExc3l4RDJiYWNPSktnQUFBUXZ4VTdnbkElMjEybTIlMjExZDQ4LjQ1MjgyOTIzNzQ2MTklMjEyZDguMjM5NjcxMzMwODUwMTE1JTIxM2YzMDUlMjE0ZjAlMjE1ZjAuNzgyMDg2NTk3NDYyNzQ2OSUyMiUyMHdpZHRoJTNEJTIyNTcwJTIyJTIwaGVpZ2h0JTNEJTIyMjg1JTIyJTIwZnJhbWVib3JkZXIlM0QlMjIwJTIyJTIwc3R5bGUlM0QlMjJib3JkZXIlM0EwJTIyJTIwYWxsb3dmdWxsc2NyZWVuJTNFJTNDJTJGaWZyYW1lJTNFJTNDcCUzRVdlbGxuZXNzLUJlaGFuZGx1bmdlbiUzQyUyRnAlM0U=[\/vc_raw_html][\/vc_column][\/vc_row][vc_row][vc_column][vc_column_text]<iframe loading=\"lazy\" src=\"https:\/\/my.matterport.com\/show\/?m=YGo9RaQBrsu\" width=\"1200\" height=\"520\" frameborder=\"0\" allowfullscreen=\"allowfullscreen\"><\/iframe>[\/vc_column_text][\/vc_column][\/vc_row]<\/p>\n<\/div>","protected":false},"excerpt":{"rendered":"<p>2 \u00dcbernachtungen inkl. Fr \u2013 ab 103,00 \u20ac<\/p>\n<p>\u2022 Begr\u00fc\u00dfung mit einem Glas Winzersekt<br \/>\n\u2022 Fr\u00fchst\u00fccksb\u00fcfett<br \/>\n\u2022 1 Wiesensteigteller ( saisonales, regionales Gericht )<\/p>\n","protected":false},"author":2,"featured_media":0,"parent":0,"menu_order":0,"comment_status":"closed","ping_status":"closed","template":"","meta":{"footnotes":""},"class_list":["post-3388","page","type-page","status-publish","hentry"],"_links":{"self":[{"href":"https:\/\/dev.liquidambient.com\/adlerbad-old\/wp-json\/wp\/v2\/pages\/3388","targetHints":{"allow":["GET"]}}],"collection":[{"href":"https:\/\/dev.liquidambient.com\/adlerbad-old\/wp-json\/wp\/v2\/pages"}],"about":[{"href":"https:\/\/dev.liquidambient.com\/adlerbad-old\/wp-json\/wp\/v2\/types\/page"}],"author":[{"embeddable":true,"href":"https:\/\/dev.liquidambient.com\/adlerbad-old\/wp-json\/wp\/v2\/users\/2"}],"replies":[{"embeddable":true,"href":"https:\/\/dev.liquidambient.com\/adlerbad-old\/wp-json\/wp\/v2\/comments?post=3388"}],"version-history":[{"count":5,"href":"https:\/\/dev.liquidambient.com\/adlerbad-old\/wp-json\/wp\/v2\/pages\/3388\/revisions"}],"predecessor-version":[{"id":5771,"href":"https:\/\/dev.liquidambient.com\/adlerbad-old\/wp-json\/wp\/v2\/pages\/3388\/revisions\/5771"}],"wp:attachment":[{"href":"https:\/\/dev.liquidambient.com\/adlerbad-old\/wp-json\/wp\/v2\/media?parent=3388"}],"curies":[{"name":"wp","href":"https:\/\/api.w.org\/{rel}","templated":true}]}}